{"id":1397,"date":"2023-09-28T00:18:54","date_gmt":"2023-09-28T00:18:54","guid":{"rendered":"http:\/\/biomatzer.com.gt\/?page_id=1397"},"modified":"2023-09-28T16:50:21","modified_gmt":"2023-09-28T16:50:21","slug":"vacuan-triple-aviar-cnc","status":"publish","type":"page","link":"https:\/\/biomatzer.com.gt\/?page_id=1397","title":{"rendered":"Vacuna Triple Aviar CNC"},"content":{"rendered":"\t\t<div data-elementor-type=\"wp-page\" data-elementor-id=\"1397\" class=\"elementor elementor-1397\">\n\t\t\t\t\t\t<section class=\"has_eae_slider elementor-section elementor-top-section elementor-element elementor-element-96cf4e3 elementor-section-boxed elementor-section-height-default elementor-section-height-default\" data-id=\"96cf4e3\" data-element_type=\"section\" data-settings=\"{&quot;background_background&quot;:&quot;classic&quot;}\">\n\t\t\t\t\t\t\t<div class=\"elementor-background-overlay\"><\/div>\n\t\t\t\t\t\t\t<div class=\"elementor-container elementor-column-gap-default\">\n\t\t\t\t\t<div class=\"has_eae_slider elementor-column elementor-col-100 elementor-top-column elementor-element elementor-element-5834aeb\" data-id=\"5834aeb\" data-element_type=\"column\">\n\t\t\t<div class=\"elementor-widget-wrap elementor-element-populated\">\n\t\t\t\t\t\t<section class=\"has_eae_slider elementor-section elementor-inner-section elementor-element elementor-element-da15c02 elementor-section-boxed elementor-section-height-default elementor-section-height-default\" data-id=\"da15c02\" data-element_type=\"section\">\n\t\t\t\t\t\t<div class=\"elementor-container elementor-column-gap-default\">\n\t\t\t\t\t<div class=\"has_eae_slider elementor-column elementor-col-100 elementor-inner-column elementor-element elementor-element-28767b5\" data-id=\"28767b5\" data-element_type=\"column\">\n\t\t\t<div class=\"elementor-widget-wrap elementor-element-populated\">\n\t\t\t\t\t\t<div class=\"elementor-element elementor-element-26d00fa elementor-widget elementor-widget-page-title\" data-id=\"26d00fa\" data-element_type=\"widget\" data-settings=\"{&quot;align&quot;:&quot;center&quot;}\" data-widget_type=\"page-title.default\">\n\t\t\t\t<div class=\"elementor-widget-container\">\n\t\t\t\t\t\n\t\t<div class=\"hfe-page-title hfe-page-title-wrapper elementor-widget-heading\">\n\n\t\t\t\t\t\t\t\t\t\t\t<a href=\"https:\/\/biomatzer.com.gt\">\n\t\t\t\t\t\t<h2 class=\"elementor-heading-title elementor-size-default\">\n\t\t\t\t\t\t\t\t\n\t\t\t\tVacuna Triple Aviar CNC  \n\t\t\t<\/h2 > \n\t\t\t\t\t\t\t\t\t<\/a>\n\t\t\t\t\t<\/div>\n\t\t\t\t<\/div>\n\t\t\t\t<\/div>\n\t\t\t\t<div class=\"elementor-element elementor-element-4f01828 elementor-widget__width-auto elementor-widget elementor-widget-html\" data-id=\"4f01828\" data-element_type=\"widget\" data-widget_type=\"html.default\">\n\t\t\t\t<div class=\"elementor-widget-container\">\n\t\t\t<div class=\"breadcrumb-link\">\r\n    <span>\r\n<a href=\"https:\/\/biomatzer.com.gt\/\">\r\nHome\r\n<\/a>\r\n<\/span>\r\n<span class=\"currentm\">Vacuna Triple Aviar CNC      <\/span>\r\n<\/div>\t\t<\/div>\n\t\t\t\t<\/div>\n\t\t\t\t\t<\/div>\n\t\t<\/div>\n\t\t\t\t\t<\/div>\n\t\t<\/section>\n\t\t\t\t\t<\/div>\n\t\t<\/div>\n\t\t\t\t\t<\/div>\n\t\t<\/section>\n\t\t\t\t<section class=\"has_eae_slider elementor-section elementor-top-section elementor-element elementor-element-4700ec3 elementor-section-boxed elementor-section-height-default elementor-section-height-default\" data-id=\"4700ec3\" data-element_type=\"section\">\n\t\t\t\t\t\t<div class=\"elementor-container elementor-column-gap-default\">\n\t\t\t\t\t<div class=\"has_eae_slider elementor-column elementor-col-50 elementor-top-column elementor-element elementor-element-e806270\" data-id=\"e806270\" data-element_type=\"column\">\n\t\t\t<div class=\"elementor-widget-wrap elementor-element-populated\">\n\t\t\t\t\t\t<div class=\"elementor-element elementor-element-cb356b8 elementor-widget__width-initial elementor-widget elementor-widget-image\" data-id=\"cb356b8\" data-element_type=\"widget\" data-widget_type=\"image.default\">\n\t\t\t\t<div class=\"elementor-widget-container\">\n\t\t\t\t\t\t\t\t\t\t\t\t\t<img fetchpriority=\"high\" decoding=\"async\" width=\"326\" height=\"431\" src=\"https:\/\/biomatzer.com.gt\/wp-content\/uploads\/2023\/09\/p2.jpg\" class=\"attachment-large size-large wp-image-1393\" alt=\"\" srcset=\"https:\/\/biomatzer.com.gt\/wp-content\/uploads\/2023\/09\/p2.jpg 326w, https:\/\/biomatzer.com.gt\/wp-content\/uploads\/2023\/09\/p2-227x300.jpg 227w\" sizes=\"(max-width: 326px) 100vw, 326px\" \/>\t\t\t\t\t\t\t\t\t\t\t\t\t<\/div>\n\t\t\t\t<\/div>\n\t\t\t\t\t<\/div>\n\t\t<\/div>\n\t\t\t\t<div class=\"has_eae_slider elementor-column elementor-col-50 elementor-top-column elementor-element elementor-element-978ab52\" data-id=\"978ab52\" data-element_type=\"column\">\n\t\t\t<div class=\"elementor-widget-wrap elementor-element-populated\">\n\t\t\t\t\t\t<section class=\"has_eae_slider elementor-section elementor-inner-section elementor-element elementor-element-f78a595 elementor-section-boxed elementor-section-height-default elementor-section-height-default\" data-id=\"f78a595\" data-element_type=\"section\">\n\t\t\t\t\t\t<div class=\"elementor-container elementor-column-gap-default\">\n\t\t\t\t\t<div class=\"has_eae_slider elementor-column elementor-col-100 elementor-inner-column elementor-element elementor-element-2325ae8\" data-id=\"2325ae8\" data-element_type=\"column\">\n\t\t\t<div class=\"elementor-widget-wrap elementor-element-populated\">\n\t\t\t\t\t\t<div class=\"elementor-element elementor-element-be1350d elementor-widget__width-initial elementor-widget elementor-widget-heading\" data-id=\"be1350d\" data-element_type=\"widget\" data-widget_type=\"heading.default\">\n\t\t\t\t<div class=\"elementor-widget-container\">\n\t\t\t<h2 class=\"elementor-heading-title elementor-size-default\">Triple Aviar CNC<\/h2>\t\t<\/div>\n\t\t\t\t<\/div>\n\t\t\t\t<div class=\"elementor-element elementor-element-d57e9c9 elementor-widget elementor-widget-heading\" data-id=\"d57e9c9\" data-element_type=\"widget\" data-widget_type=\"heading.default\">\n\t\t\t\t<div class=\"elementor-widget-container\">\n\t\t\t<h6 class=\"elementor-heading-title elementor-size-default\">Presentaci\u00f3n:<\/h6>\t\t<\/div>\n\t\t\t\t<\/div>\n\t\t\t\t<div class=\"elementor-element elementor-element-1e817ae elementor-widget elementor-widget-text-editor\" data-id=\"1e817ae\" data-element_type=\"widget\" data-widget_type=\"text-editor.default\">\n\t\t\t\t<div class=\"elementor-widget-container\">\n\t\t\t\t\t\t\t<p>Vacuna inactivada oleosa que previene el C\u00f3lera aviar, Newcastle y coriza infecciosa en pollos, gallinas, patos y chompipes.<\/p>\t\t\t\t\t\t<\/div>\n\t\t\t\t<\/div>\n\t\t\t\t<div class=\"elementor-element elementor-element-6cb8634 elementor-widget elementor-widget-heading\" data-id=\"6cb8634\" data-element_type=\"widget\" data-widget_type=\"heading.default\">\n\t\t\t\t<div class=\"elementor-widget-container\">\n\t\t\t<h6 class=\"elementor-heading-title elementor-size-default\">Dosis y v\u00eda de administraci\u00f3n:<\/h6>\t\t<\/div>\n\t\t\t\t<\/div>\n\t\t\t\t<div class=\"elementor-element elementor-element-baae279 elementor-widget elementor-widget-text-editor\" data-id=\"baae279\" data-element_type=\"widget\" data-widget_type=\"text-editor.default\">\n\t\t\t\t<div class=\"elementor-widget-container\">\n\t\t\t\t\t\t\t<p>Inyectar 0.5 ml v\u00eda SC en parte media posterior del cuello o IM en la regi\u00f3n del muslo de la pierna o pechuga. Aplicar\u00a0 la vacuna a las: 4 &#8211; 5, 10 \u2013 12 y 17 \u2013 19 semanas de edad, posteriormente revacunar cada 3 o 4 meses. Para una mejor protecci\u00f3n usar simult\u00e1neamente vacuna Newcastle virus vivo.<\/p>\t\t\t\t\t\t<\/div>\n\t\t\t\t<\/div>\n\t\t\t\t<div class=\"elementor-element elementor-element-ee8db27 elementor-widget elementor-widget-heading\" data-id=\"ee8db27\" data-element_type=\"widget\" data-widget_type=\"heading.default\">\n\t\t\t\t<div class=\"elementor-widget-container\">\n\t\t\t<h6 class=\"elementor-heading-title elementor-size-default\">Formula:<\/h6>\t\t<\/div>\n\t\t\t\t<\/div>\n\t\t\t\t<div class=\"elementor-element elementor-element-d8b2a68 elementor-widget elementor-widget-text-editor\" data-id=\"d8b2a68\" data-element_type=\"widget\" data-widget_type=\"text-editor.default\">\n\t\t\t\t<div class=\"elementor-widget-container\">\n\t\t\t\t\t\t\t<i>Pasteurella<\/i> <i>multocida<\/i><i>, <\/i>serotipos 1, 3 y 4 en concentraci\u00f3n no menor de 10<sup>7<\/sup> UFC\/ml.\n<br>\n<br>\nVirus de Newcastle, cepa La Sota lentog\u00e9nica en concentraci\u00f3n no menor de 10<sup>7<\/sup> DIEP 50\/ml.\n<br>\n<br>\n<i>Avibacterium<\/i> <i>paragallinarum<\/i><i>, <\/i>serotipos A,B,C y locales en concentraci\u00f3n no menor de 10<sup>8<\/sup> UFC\/ml.\t\t\t\t\t\t<\/div>\n\t\t\t\t<\/div>\n\t\t\t\t\t<\/div>\n\t\t<\/div>\n\t\t\t\t\t<\/div>\n\t\t<\/section>\n\t\t\t\t\t<\/div>\n\t\t<\/div>\n\t\t\t\t\t<\/div>\n\t\t<\/section>\n\t\t<div class=\"has_eae_slider elementor-element elementor-element-0ab6779 e-flex e-con-boxed e-con e-parent\" data-id=\"0ab6779\" data-element_type=\"container\">\n\t\t\t\t\t<div class=\"e-con-inner\">\n\t\t\t\t<div class=\"elementor-element elementor-element-ef726ec elementor-widget elementor-widget-heading\" data-id=\"ef726ec\" data-element_type=\"widget\" data-widget_type=\"heading.default\">\n\t\t\t\t<div class=\"elementor-widget-container\">\n\t\t\t<h2 class=\"elementor-heading-title elementor-size-default\">Contamos con las siguientes presentaciones<\/h2>\t\t<\/div>\n\t\t\t\t<\/div>\n\t\t\t\t\t<\/div>\n\t\t\t\t<\/div>\n\t\t<div class=\"has_eae_slider elementor-element elementor-element-bd5ecf2 e-flex e-con-boxed e-con e-parent\" data-id=\"bd5ecf2\" data-element_type=\"container\">\n\t\t\t\t\t<div class=\"e-con-inner\">\n\t\t<div class=\"has_eae_slider elementor-element elementor-element-9761d0d e-con-full e-flex e-con e-child\" data-id=\"9761d0d\" data-element_type=\"container\">\n\t\t\t\t<div class=\"elementor-element elementor-element-5d060ef elementor-widget elementor-widget-image\" data-id=\"5d060ef\" data-element_type=\"widget\" data-widget_type=\"image.default\">\n\t\t\t\t<div class=\"elementor-widget-container\">\n\t\t\t\t\t\t\t\t\t\t\t\t\t<img decoding=\"async\" width=\"433\" height=\"577\" src=\"https:\/\/biomatzer.com.gt\/wp-content\/uploads\/2023\/09\/Imagen-de-WhatsApp-2023-09-27-a-las-10.13.2811.jpg\" class=\"attachment-large size-large wp-image-1424\" alt=\"\" srcset=\"https:\/\/biomatzer.com.gt\/wp-content\/uploads\/2023\/09\/Imagen-de-WhatsApp-2023-09-27-a-las-10.13.2811.jpg 433w, https:\/\/biomatzer.com.gt\/wp-content\/uploads\/2023\/09\/Imagen-de-WhatsApp-2023-09-27-a-las-10.13.2811-225x300.jpg 225w\" sizes=\"(max-width: 433px) 100vw, 433px\" \/>\t\t\t\t\t\t\t\t\t\t\t\t\t<\/div>\n\t\t\t\t<\/div>\n\t\t\t\t<div class=\"elementor-element elementor-element-37e0257 elementor-widget elementor-widget-heading\" data-id=\"37e0257\" data-element_type=\"widget\" data-widget_type=\"heading.default\">\n\t\t\t\t<div class=\"elementor-widget-container\">\n\t\t\t<h2 class=\"elementor-heading-title elementor-size-default\">Frasco de 12.5 ml<\/h2>\t\t<\/div>\n\t\t\t\t<\/div>\n\t\t\t\t<\/div>\n\t\t<div class=\"has_eae_slider elementor-element elementor-element-8b9109c e-con-full e-flex e-con e-child\" data-id=\"8b9109c\" data-element_type=\"container\">\n\t\t\t\t<div class=\"elementor-element elementor-element-d13af92 elementor-widget elementor-widget-image\" data-id=\"d13af92\" data-element_type=\"widget\" data-widget_type=\"image.default\">\n\t\t\t\t<div class=\"elementor-widget-container\">\n\t\t\t\t\t\t\t\t\t\t\t\t\t<img decoding=\"async\" width=\"428\" height=\"583\" src=\"https:\/\/biomatzer.com.gt\/wp-content\/uploads\/2023\/09\/Imagen-de-WhatsApp-2023-09-27-a-las-10.13.2813.jpg\" class=\"attachment-large size-large wp-image-1425\" alt=\"\" srcset=\"https:\/\/biomatzer.com.gt\/wp-content\/uploads\/2023\/09\/Imagen-de-WhatsApp-2023-09-27-a-las-10.13.2813.jpg 428w, https:\/\/biomatzer.com.gt\/wp-content\/uploads\/2023\/09\/Imagen-de-WhatsApp-2023-09-27-a-las-10.13.2813-220x300.jpg 220w\" sizes=\"(max-width: 428px) 100vw, 428px\" \/>\t\t\t\t\t\t\t\t\t\t\t\t\t<\/div>\n\t\t\t\t<\/div>\n\t\t\t\t<div class=\"elementor-element elementor-element-6bdc89d elementor-widget elementor-widget-heading\" data-id=\"6bdc89d\" data-element_type=\"widget\" data-widget_type=\"heading.default\">\n\t\t\t\t<div class=\"elementor-widget-container\">\n\t\t\t<h2 class=\"elementor-heading-title elementor-size-default\">Frasco de 25 ml<\/h2>\t\t<\/div>\n\t\t\t\t<\/div>\n\t\t\t\t<\/div>\n\t\t<div class=\"has_eae_slider elementor-element elementor-element-e1cf716 e-con-full e-flex e-con e-child\" data-id=\"e1cf716\" data-element_type=\"container\">\n\t\t\t\t<div class=\"elementor-element elementor-element-714a996 elementor-widget elementor-widget-image\" data-id=\"714a996\" data-element_type=\"widget\" data-widget_type=\"image.default\">\n\t\t\t\t<div class=\"elementor-widget-container\">\n\t\t\t\t\t\t\t\t\t\t\t\t\t<img loading=\"lazy\" decoding=\"async\" width=\"429\" height=\"582\" src=\"https:\/\/biomatzer.com.gt\/wp-content\/uploads\/2023\/09\/Imagen-de-WhatsApp-2023-09-27-a-las-10.13.2815.jpg\" class=\"attachment-large size-large wp-image-1426\" alt=\"\" srcset=\"https:\/\/biomatzer.com.gt\/wp-content\/uploads\/2023\/09\/Imagen-de-WhatsApp-2023-09-27-a-las-10.13.2815.jpg 429w, https:\/\/biomatzer.com.gt\/wp-content\/uploads\/2023\/09\/Imagen-de-WhatsApp-2023-09-27-a-las-10.13.2815-221x300.jpg 221w\" sizes=\"(max-width: 429px) 100vw, 429px\" \/>\t\t\t\t\t\t\t\t\t\t\t\t\t<\/div>\n\t\t\t\t<\/div>\n\t\t\t\t<div class=\"elementor-element elementor-element-e04dcb6 elementor-widget elementor-widget-heading\" data-id=\"e04dcb6\" data-element_type=\"widget\" data-widget_type=\"heading.default\">\n\t\t\t\t<div class=\"elementor-widget-container\">\n\t\t\t<h2 class=\"elementor-heading-title elementor-size-default\">Frasco de 50 ml<\/h2>\t\t<\/div>\n\t\t\t\t<\/div>\n\t\t\t\t<\/div>\n\t\t<div class=\"has_eae_slider elementor-element elementor-element-fe7e431 e-con-full e-flex e-con e-child\" data-id=\"fe7e431\" data-element_type=\"container\">\n\t\t\t\t<div class=\"elementor-element elementor-element-45d1612 elementor-widget elementor-widget-image\" data-id=\"45d1612\" data-element_type=\"widget\" data-widget_type=\"image.default\">\n\t\t\t\t<div class=\"elementor-widget-container\">\n\t\t\t\t\t\t\t\t\t\t\t\t\t<img loading=\"lazy\" decoding=\"async\" width=\"194\" height=\"406\" src=\"https:\/\/biomatzer.com.gt\/wp-content\/uploads\/2023\/09\/p31.jpg\" class=\"attachment-large size-large wp-image-1428\" alt=\"\" srcset=\"https:\/\/biomatzer.com.gt\/wp-content\/uploads\/2023\/09\/p31.jpg 194w, https:\/\/biomatzer.com.gt\/wp-content\/uploads\/2023\/09\/p31-143x300.jpg 143w\" sizes=\"(max-width: 194px) 100vw, 194px\" \/>\t\t\t\t\t\t\t\t\t\t\t\t\t<\/div>\n\t\t\t\t<\/div>\n\t\t\t\t<div class=\"elementor-element elementor-element-9fe2dd8 elementor-widget elementor-widget-heading\" data-id=\"9fe2dd8\" data-element_type=\"widget\" data-widget_type=\"heading.default\">\n\t\t\t\t<div class=\"elementor-widget-container\">\n\t\t\t<h2 class=\"elementor-heading-title elementor-size-default\">Frasco de 500 ml<\/h2>\t\t<\/div>\n\t\t\t\t<\/div>\n\t\t\t\t<\/div>\n\t\t\t\t\t<\/div>\n\t\t\t\t<\/div>\n\t\t\t\t<\/div>\n\t\t","protected":false},"excerpt":{"rendered":"<p>Vacuna Triple Aviar CNC Home Vacuna Triple Aviar CNC Triple Aviar CNC Presentaci\u00f3n: Vacuna inactivada oleosa que previene el C\u00f3lera aviar, Newcastle y coriza infecciosa en pollos, gallinas, patos y chompipes. Dosis y v\u00eda de administraci\u00f3n: Inyectar 0.5 ml v\u00eda SC en parte media posterior del cuello o IM en la regi\u00f3n del muslo de [&hellip;]<\/p>\n","protected":false},"author":1,"featured_media":0,"parent":0,"menu_order":0,"comment_status":"closed","ping_status":"closed","template":"elementor_header_footer","meta":{"_acf_changed":false,"footnotes":""},"class_list":["post-1397","page","type-page","status-publish","hentry"],"acf":[],"_links":{"self":[{"href":"https:\/\/biomatzer.com.gt\/index.php?rest_route=\/wp\/v2\/pages\/1397","targetHints":{"allow":["GET"]}}],"collection":[{"href":"https:\/\/biomatzer.com.gt\/index.php?rest_route=\/wp\/v2\/pages"}],"about":[{"href":"https:\/\/biomatzer.com.gt\/index.php?rest_route=\/wp\/v2\/types\/page"}],"author":[{"embeddable":true,"href":"https:\/\/biomatzer.com.gt\/index.php?rest_route=\/wp\/v2\/users\/1"}],"replies":[{"embeddable":true,"href":"https:\/\/biomatzer.com.gt\/index.php?rest_route=%2Fwp%2Fv2%2Fcomments&post=1397"}],"version-history":[{"count":20,"href":"https:\/\/biomatzer.com.gt\/index.php?rest_route=\/wp\/v2\/pages\/1397\/revisions"}],"predecessor-version":[{"id":1521,"href":"https:\/\/biomatzer.com.gt\/index.php?rest_route=\/wp\/v2\/pages\/1397\/revisions\/1521"}],"wp:attachment":[{"href":"https:\/\/biomatzer.com.gt\/index.php?rest_route=%2Fwp%2Fv2%2Fmedia&parent=1397"}],"curies":[{"name":"wp","href":"https:\/\/api.w.org\/{rel}","templated":true}]}}